{"id":38335,"date":"2020-11-05T11:16:46","date_gmt":"2020-11-05T07:16:46","guid":{"rendered":"http:\/\/jam-news.net\/az\/?page_id=38335"},"modified":"2026-04-16T09:10:41","modified_gmt":"2026-04-16T05:10:41","slug":"camnyus-jamnews-azerbaijani","status":"publish","type":"page","link":"https:\/\/jam-news.net\/az\/","title":{"rendered":"Camnyus \u2013 JAMnews Azerbaijani"},"content":{"rendered":"","protected":false},"excerpt":{"rendered":"","protected":false},"author":1,"featured_media":0,"parent":0,"menu_order":0,"comment_status":"closed","ping_status":"closed","template":"views\/tpl-newhomepage.blade.php","meta":{"_acf_changed":false,"footnotes":""},"class_list":["post-38335","page","type-page","status-publish","hentry"],"acf":[],"yoast_head":"<!-- This site is optimized with the Yoast SEO plugin v24.1 - https:\/\/yoast.com\/wordpress\/plugins\/seo\/ -->\n<title>Qafqaz x\u0259b\u0259rl\u0259ri, hekay\u0259l\u0259r v\u0259 analitika | JAMnews<\/title>\n<meta name=\"description\" content=\"Qafqaz x\u0259b\u0259rl\u0259ri, G\u00fcrc\u00fcstanda, Erm\u0259nistanda, Az\u0259rbaycanda v\u0259 b\u00fct\u00fcn Qafqazda iqtisadiyyat, m\u00fcnaqi\u015f\u0259l\u0259r, ictimai h\u0259yat, s\u0259yah\u0259tl\u0259r, m\u0259d\u0259niyy\u0259t.\" \/>\n<meta name=\"robots\" content=\"index, follow, max-snippet:-1, max-image-preview:large, max-video-preview:-1\" \/>\n<link rel=\"canonical\" href=\"https:\/\/jam-news.net\/az\/\" \/>\n<meta property=\"og:locale\" content=\"az_AZ\" \/>\n<meta property=\"og:type\" content=\"article\" \/>\n<meta property=\"og:title\" content=\"Qafqaz x\u0259b\u0259rl\u0259ri, hekay\u0259l\u0259r v\u0259 analitika | JAMnews\" \/>\n<meta property=\"og:description\" content=\"Qafqaz x\u0259b\u0259rl\u0259ri, G\u00fcrc\u00fcstanda, Erm\u0259nistanda, Az\u0259rbaycanda v\u0259 b\u00fct\u00fcn Qafqazda iqtisadiyyat, m\u00fcnaqi\u015f\u0259l\u0259r, ictimai h\u0259yat, s\u0259yah\u0259tl\u0259r, m\u0259d\u0259niyy\u0259t.\" \/>\n<meta property=\"og:url\" content=\"https:\/\/jam-news.net\/az\/\" \/>\n<meta property=\"og:site_name\" content=\"Azerbaijani Jamnews\" \/>\n<meta property=\"article:publisher\" content=\"https:\/\/www.facebook.com\/JAMnewsInEnglish\/\" \/>\n<meta property=\"article:modified_time\" content=\"2026-04-16T05:10:41+00:00\" \/>\n<meta name=\"twitter:card\" content=\"summary_large_image\" \/>\n<meta name=\"twitter:site\" content=\"@JAMnewsCaucasus\" \/>\n<script type=\"application\/ld+json\" class=\"yoast-schema-graph\">{\"@context\":\"https:\/\/schema.org\",\"@graph\":[{\"@type\":\"WebPage\",\"@id\":\"https:\/\/jam-news.net\/az\/\",\"url\":\"https:\/\/jam-news.net\/az\/\",\"name\":\"Qafqaz x\u0259b\u0259rl\u0259ri, hekay\u0259l\u0259r v\u0259 analitika | JAMnews\",\"isPartOf\":{\"@id\":\"https:\/\/jam-news.net\/az\/#website\"},\"datePublished\":\"2020-11-05T07:16:46+00:00\",\"dateModified\":\"2026-04-16T05:10:41+00:00\",\"description\":\"Qafqaz x\u0259b\u0259rl\u0259ri, G\u00fcrc\u00fcstanda, Erm\u0259nistanda, Az\u0259rbaycanda v\u0259 b\u00fct\u00fcn Qafqazda iqtisadiyyat, m\u00fcnaqi\u015f\u0259l\u0259r, ictimai h\u0259yat, s\u0259yah\u0259tl\u0259r, m\u0259d\u0259niyy\u0259t.\",\"breadcrumb\":{\"@id\":\"https:\/\/jam-news.net\/az\/#breadcrumb\"},\"inLanguage\":\"az\",\"potentialAction\":[{\"@type\":\"ReadAction\",\"target\":[\"https:\/\/jam-news.net\/az\/\"]}]},{\"@type\":\"BreadcrumbList\",\"@id\":\"https:\/\/jam-news.net\/az\/#breadcrumb\",\"itemListElement\":[{\"@type\":\"ListItem\",\"position\":1,\"name\":\"Home\",\"item\":\"https:\/\/jam-news.net\/az\/\"},{\"@type\":\"ListItem\",\"position\":2,\"name\":\"Camnyus \u2013 JAMnews Azerbaijani\"}]},{\"@type\":\"WebSite\",\"@id\":\"https:\/\/jam-news.net\/az\/#website\",\"url\":\"https:\/\/jam-news.net\/az\/\",\"name\":\"Azerbaijani Jamnews\",\"description\":\"Caucasus News, Politics and Society\",\"publisher\":{\"@id\":\"https:\/\/jam-news.net\/az\/#organization\"},\"potentialAction\":[{\"@type\":\"SearchAction\",\"target\":{\"@type\":\"EntryPoint\",\"urlTemplate\":\"https:\/\/jam-news.net\/az\/?s={search_term_string}\"},\"query-input\":{\"@type\":\"PropertyValueSpecification\",\"valueRequired\":true,\"valueName\":\"search_term_string\"}}],\"inLanguage\":\"az\"},{\"@type\":\"Organization\",\"@id\":\"https:\/\/jam-news.net\/az\/#organization\",\"name\":\"JAMnews\",\"url\":\"https:\/\/jam-news.net\/az\/\",\"logo\":{\"@type\":\"ImageObject\",\"inLanguage\":\"az\",\"@id\":\"https:\/\/jam-news.net\/az\/#\/schema\/logo\/image\/\",\"url\":\"https:\/\/jam-news.net\/app\/uploads\/2020\/05\/JAM_w.jpg\",\"contentUrl\":\"https:\/\/jam-news.net\/app\/uploads\/2020\/05\/JAM_w.jpg\",\"width\":960,\"height\":960,\"caption\":\"JAMnews\"},\"image\":{\"@id\":\"https:\/\/jam-news.net\/az\/#\/schema\/logo\/image\/\"},\"sameAs\":[\"https:\/\/www.facebook.com\/JAMnewsInEnglish\/\",\"https:\/\/x.com\/JAMnewsCaucasus\",\"https:\/\/www.instagram.com\/jam_news\/\",\"https:\/\/www.youtube.com\/channel\/UCXQbUCme2pykuZYXWHx4VPg\"]}]}<\/script>\n<!-- \/ Yoast SEO plugin. -->","yoast_head_json":{"title":"Qafqaz x\u0259b\u0259rl\u0259ri, hekay\u0259l\u0259r v\u0259 analitika | JAMnews","description":"Qafqaz x\u0259b\u0259rl\u0259ri, G\u00fcrc\u00fcstanda, Erm\u0259nistanda, Az\u0259rbaycanda v\u0259 b\u00fct\u00fcn Qafqazda iqtisadiyyat, m\u00fcnaqi\u015f\u0259l\u0259r, ictimai h\u0259yat, s\u0259yah\u0259tl\u0259r, m\u0259d\u0259niyy\u0259t.","robots":{"index":"index","follow":"follow","max-snippet":"max-snippet:-1","max-image-preview":"max-image-preview:large","max-video-preview":"max-video-preview:-1"},"canonical":"https:\/\/jam-news.net\/az\/","og_locale":"az_AZ","og_type":"article","og_title":"Qafqaz x\u0259b\u0259rl\u0259ri, hekay\u0259l\u0259r v\u0259 analitika | JAMnews","og_description":"Qafqaz x\u0259b\u0259rl\u0259ri, G\u00fcrc\u00fcstanda, Erm\u0259nistanda, Az\u0259rbaycanda v\u0259 b\u00fct\u00fcn Qafqazda iqtisadiyyat, m\u00fcnaqi\u015f\u0259l\u0259r, ictimai h\u0259yat, s\u0259yah\u0259tl\u0259r, m\u0259d\u0259niyy\u0259t.","og_url":"https:\/\/jam-news.net\/az\/","og_site_name":"Azerbaijani Jamnews","article_publisher":"https:\/\/www.facebook.com\/JAMnewsInEnglish\/","article_modified_time":"2026-04-16T05:10:41+00:00","twitter_card":"summary_large_image","twitter_site":"@JAMnewsCaucasus","schema":{"@context":"https:\/\/schema.org","@graph":[{"@type":"WebPage","@id":"https:\/\/jam-news.net\/az\/","url":"https:\/\/jam-news.net\/az\/","name":"Qafqaz x\u0259b\u0259rl\u0259ri, hekay\u0259l\u0259r v\u0259 analitika | JAMnews","isPartOf":{"@id":"https:\/\/jam-news.net\/az\/#website"},"datePublished":"2020-11-05T07:16:46+00:00","dateModified":"2026-04-16T05:10:41+00:00","description":"Qafqaz x\u0259b\u0259rl\u0259ri, G\u00fcrc\u00fcstanda, Erm\u0259nistanda, Az\u0259rbaycanda v\u0259 b\u00fct\u00fcn Qafqazda iqtisadiyyat, m\u00fcnaqi\u015f\u0259l\u0259r, ictimai h\u0259yat, s\u0259yah\u0259tl\u0259r, m\u0259d\u0259niyy\u0259t.","breadcrumb":{"@id":"https:\/\/jam-news.net\/az\/#breadcrumb"},"inLanguage":"az","potentialAction":[{"@type":"ReadAction","target":["https:\/\/jam-news.net\/az\/"]}]},{"@type":"BreadcrumbList","@id":"https:\/\/jam-news.net\/az\/#breadcrumb","itemListElement":[{"@type":"ListItem","position":1,"name":"Home","item":"https:\/\/jam-news.net\/az\/"},{"@type":"ListItem","position":2,"name":"Camnyus \u2013 JAMnews Azerbaijani"}]},{"@type":"WebSite","@id":"https:\/\/jam-news.net\/az\/#website","url":"https:\/\/jam-news.net\/az\/","name":"Azerbaijani Jamnews","description":"Caucasus News, Politics and Society","publisher":{"@id":"https:\/\/jam-news.net\/az\/#organization"},"potentialAction":[{"@type":"SearchAction","target":{"@type":"EntryPoint","urlTemplate":"https:\/\/jam-news.net\/az\/?s={search_term_string}"},"query-input":{"@type":"PropertyValueSpecification","valueRequired":true,"valueName":"search_term_string"}}],"inLanguage":"az"},{"@type":"Organization","@id":"https:\/\/jam-news.net\/az\/#organization","name":"JAMnews","url":"https:\/\/jam-news.net\/az\/","logo":{"@type":"ImageObject","inLanguage":"az","@id":"https:\/\/jam-news.net\/az\/#\/schema\/logo\/image\/","url":"https:\/\/jam-news.net\/app\/uploads\/2020\/05\/JAM_w.jpg","contentUrl":"https:\/\/jam-news.net\/app\/uploads\/2020\/05\/JAM_w.jpg","width":960,"height":960,"caption":"JAMnews"},"image":{"@id":"https:\/\/jam-news.net\/az\/#\/schema\/logo\/image\/"},"sameAs":["https:\/\/www.facebook.com\/JAMnewsInEnglish\/","https:\/\/x.com\/JAMnewsCaucasus","https:\/\/www.instagram.com\/jam_news\/","https:\/\/www.youtube.com\/channel\/UCXQbUCme2pykuZYXWHx4VPg"]}]}},"_links":{"self":[{"href":"https:\/\/jam-news.net\/az\/wp-json\/wp\/v2\/pages\/38335","targetHints":{"allow":["GET"]}}],"collection":[{"href":"https:\/\/jam-news.net\/az\/wp-json\/wp\/v2\/pages"}],"about":[{"href":"https:\/\/jam-news.net\/az\/wp-json\/wp\/v2\/types\/page"}],"author":[{"embeddable":true,"href":"https:\/\/jam-news.net\/az\/wp-json\/wp\/v2\/users\/1"}],"replies":[{"embeddable":true,"href":"https:\/\/jam-news.net\/az\/wp-json\/wp\/v2\/comments?post=38335"}],"version-history":[{"count":416,"href":"https:\/\/jam-news.net\/az\/wp-json\/wp\/v2\/pages\/38335\/revisions"}],"predecessor-version":[{"id":104718,"href":"https:\/\/jam-news.net\/az\/wp-json\/wp\/v2\/pages\/38335\/revisions\/104718"}],"wp:attachment":[{"href":"https:\/\/jam-news.net\/az\/wp-json\/wp\/v2\/media?parent=38335"}],"curies":[{"name":"wp","href":"https:\/\/api.w.org\/{rel}","templated":true}]}}