{"id":28139,"date":"2020-05-19T23:07:16","date_gmt":"2020-05-19T19:07:16","guid":{"rendered":"http:\/\/jam-news.net\/az\/?page_id=28139"},"modified":"2026-03-19T15:17:54","modified_gmt":"2026-03-19T11:17:54","slug":"tematik-s%c9%99hif%c9%99l%c9%99r","status":"publish","type":"page","link":"https:\/\/jam-news.net\/az\/tematik-s%c9%99hif%c9%99l%c9%99r\/","title":{"rendered":"Tematik s\u0259hif\u0259l\u0259r"},"content":{"rendered":"\n<div style=\"height:30px\" aria-hidden=\"true\" class=\"wp-block-spacer\"><\/div>\n\n\n\n<div class=\"wp-block-columns is-layout-flex wp-container-core-columns-is-layout-1 wp-block-columns-is-layout-flex\">\n<div class=\"wp-block-column is-layout-flow wp-block-column-is-layout-flow\">\n<p><strong>A<\/strong><\/p>\n\n\n\n<p><a href=\"https:\/\/jam-news.net\/az\/topic\/abzas-media-isi\/\" target=\"_blank\" rel=\"noreferrer noopener\">Abzas Media i\u015fi<\/a><\/p>\n\n\n\n<p><a href=\"https:\/\/jam-news.net\/az\/topic\/anaklia\/\" target=\"_blank\" rel=\"noreferrer noopener\">Anaklia<\/a><\/p>\n\n\n\n<p><a href=\"https:\/\/jam-news.net\/az\/topic\/aprel-doyusl%c9%99ri\/\" target=\"_blank\" rel=\"noreferrer noopener\">Aprel d\u00f6y\u00fc\u015fl\u0259ri<\/a><\/p>\n\n\n\n<p><a href=\"https:\/\/jam-news.net\/az\/topic\/az%c9%99rbaycan-v%c9%99-erm%c9%99nistan\/\" target=\"_blank\" rel=\"noreferrer noopener\">Az\u0259rbaycan-Em\u0259nistan<\/a><\/p>\n\n\n\n<p><a href=\"https:\/\/jam-news.net\/az\/topic\/az%c9%99rbaycan-abs\/\" target=\"_blank\" rel=\"noreferrer noopener\">Az\u0259rbaycan-AB\u015e<\/a><\/p>\n\n\n\n<p><a href=\"https:\/\/jam-news.net\/az\/topic\/az%c9%99rbaycanda-muxalif%c9%99t\/\" target=\"_blank\" rel=\"noreferrer noopener\">Az\u0259rbaycanda m\u00fcxalif\u0259t <\/a><\/p>\n\n\n\n<p><a href=\"https:\/\/jam-news.net\/az\/topic\/az%c9%99rbaycanda-parlament-seckil%c9%99ri-secki-2020\/\" target=\"_blank\" rel=\"noreferrer noopener\">Az\u0259rbaycanda parlament se\u00e7kil\u0259ri &#8211; Se\u00e7ki 2020 <\/a><\/p>\n\n\n\n<p><a href=\"https:\/\/jam-news.net\/az\/topic\/az%c9%99rbaycan-ai\/\">Az\u0259rbaycan &#8211; A\u0130<\/a><\/p>\n<\/div>\n\n\n\n<div class=\"wp-block-column is-layout-flow wp-block-column-is-layout-flow\">\n<p><strong>B<\/strong><\/p>\n\n\n\n<p><a href=\"https:\/\/jam-news.net\/az\/topic\/belarusiyada-etirazlar\/\" target=\"_blank\" rel=\"noreferrer noopener\">Belarusiyada etirazlar<\/a><\/p>\n\n\n\n<p><a href=\"https:\/\/jam-news.net\/az\/topic\/bidzina-ivanisvili\/\" target=\"_blank\" rel=\"noreferrer noopener\">Bidzina \u0130vani\u015fvili<\/a><\/p>\n<\/div>\n\n\n\n<div class=\"wp-block-column is-layout-flow wp-block-column-is-layout-flow\">\n<p><strong>C<\/strong><\/p>\n\n\n\n<p><a href=\"https:\/\/jam-news.net\/az\/topic\/cop29\/\" target=\"_blank\" rel=\"noreferrer noopener\">COP29<\/a><\/p>\n<\/div>\n<\/div>\n\n\n\n<div class=\"wp-block-columns is-layout-flex wp-container-core-columns-is-layout-2 wp-block-columns-is-layout-flex\">\n<div class=\"wp-block-column is-layout-flow wp-block-column-is-layout-flow\">\n<p><strong>\u00c7<\/strong><\/p>\n<\/div>\n\n\n\n<div class=\"wp-block-column is-layout-flow wp-block-column-is-layout-flow\">\n<p><strong>D<\/strong><\/p>\n\n\n\n<p><a href=\"https:\/\/jam-news.net\/az\/topic\/donald-tramp\/\" target=\"_blank\" rel=\"noreferrer noopener\">Donald Tramp<\/a><\/p>\n<\/div>\n\n\n\n<div class=\"wp-block-column is-layout-flow wp-block-column-is-layout-flow\">\n<p><strong>E<\/strong><\/p>\n\n\n\n<p><a href=\"https:\/\/jam-news.net\/az\/topic\/erm%c9%99nistanda-korrupsiya-qalmaqallari\/\" target=\"_blank\" rel=\"noreferrer noopener\">Erm\u0259nistanda korrupsiya qalmaqallar\u0131 <\/a><\/p>\n\n\n\n<p><a href=\"https:\/\/jam-news.net\/az\/topic\/erm%c9%99nistanda-novb%c9%99d%c9%99nk%c9%99nar-seckil%c9%99r-2021\/\" target=\"_blank\" rel=\"noreferrer noopener\">Erm\u0259nistanda n\u00f6vb\u0259d\u0259nk\u0259nar se\u00e7kil\u0259r-2021<\/a><\/p>\n<\/div>\n<\/div>\n\n\n\n<div class=\"wp-block-columns is-layout-flex wp-container-core-columns-is-layout-3 wp-block-columns-is-layout-flex\">\n<div class=\"wp-block-column is-layout-flow wp-block-column-is-layout-flow\">\n<p><strong>\u018f<\/strong><\/p>\n\n\n\n<p><a href=\"https:\/\/jam-news.net\/az\/topic\/r%c9%99c%c9%99b-tayyib-%c9%99rdogan\/\" target=\"_blank\" rel=\"noreferrer noopener\">R\u0259c\u0259b Tayyib \u018frdo\u011fan<\/a><\/p>\n<\/div>\n\n\n\n<div class=\"wp-block-column is-layout-flow wp-block-column-is-layout-flow\">\n<p><strong>F<\/strong><\/p>\n<\/div>\n\n\n\n<div class=\"wp-block-column is-layout-flow wp-block-column-is-layout-flow\">\n<p><strong>G<\/strong><\/p>\n\n\n\n<p><a href=\"https:\/\/jam-news.net\/az\/topic\/gurcu-osetin-munaqis%c9%99-zonasinda-borderizasiya\/\" target=\"_blank\" rel=\"noreferrer noopener\">G\u00fcrc\u00fc-osetin m\u00fcnaqi\u015f\u0259 zonas\u0131nda &#8220;borderizasiya&#8221; <\/a><\/p>\n\n\n\n<p><a href=\"https:\/\/jam-news.net\/az\/topic\/gurcu-abxaz-munaqis%c9%99si\/\" target=\"_blank\" rel=\"noreferrer noopener\">G\u00fcrc\u00fc-abxaz m\u00fcnaqi\u015f\u0259si <\/a><\/p>\n\n\n\n<p><a href=\"https:\/\/jam-news.net\/az\/topic\/gurcustan-osetiya-munaqis%c9%99si\/\" target=\"_blank\" rel=\"noreferrer noopener\">G\u00fcrc\u00fcstan-ossetiya m\u00fcnaqi\u015f\u0259si<\/a><\/p>\n\n\n\n<p><a href=\"https:\/\/jam-news.net\/az\/topic\/gurcustanda-turizm\/\" target=\"_blank\" rel=\"noreferrer noopener\">G\u00fcrc\u00fcstanda turizm <\/a><\/p>\n<\/div>\n<\/div>\n\n\n\n<div class=\"wp-block-columns is-layout-flex wp-container-core-columns-is-layout-4 wp-block-columns-is-layout-flex\">\n<div class=\"wp-block-column is-layout-flow wp-block-column-is-layout-flow\">\n<p><strong>\u011e<\/strong><\/p>\n<\/div>\n\n\n\n<div class=\"wp-block-column is-layout-flow wp-block-column-is-layout-flow\">\n<p><strong>H<\/strong><\/p>\n\n\n\n<p><a href=\"https:\/\/jam-news.net\/az\/topic\/h%c9%99bsxanadan-m%c9%99ktub\/\" target=\"_blank\" rel=\"noreferrer noopener\">H\u0259bsxanadan m\u0259ktub<\/a><\/p>\n<\/div>\n\n\n\n<div class=\"wp-block-column is-layout-flow wp-block-column-is-layout-flow\">\n<p><strong>X<\/strong><\/p>\n<\/div>\n<\/div>\n\n\n\n<div class=\"wp-block-columns is-layout-flex wp-container-core-columns-is-layout-5 wp-block-columns-is-layout-flex\">\n<div class=\"wp-block-column is-layout-flow wp-block-column-is-layout-flow\">\n<p><strong>I<\/strong><\/p>\n\n\n\n<p><\/p>\n<\/div>\n\n\n\n<div class=\"wp-block-column is-layout-flow wp-block-column-is-layout-flow\">\n<p><strong>\u0130<\/strong><\/p>\n\n\n\n<p><a href=\"https:\/\/jam-news.net\/az\/topic\/iran\/\" target=\"_blank\" rel=\"noreferrer noopener\">\u0130ran<\/a><\/p>\n\n\n\n<p><a href=\"https:\/\/jam-news.net\/az\/topic\/iranda-muharib%c9%99\/\">\u0130randa m\u00fcharib\u0259<\/a><\/p>\n\n\n\n<p><a href=\"https:\/\/jam-news.net\/az\/topic\/ilham-%c9%99liyev\/\" target=\"_blank\" rel=\"noreferrer noopener\">\u0130lham \u018fliyev<\/a><\/p>\n\n\n\n<p><a href=\"https:\/\/jam-news.net\/az\/topic\/ilqar-m%c9%99mm%c9%99dov\/\" target=\"_blank\" rel=\"noreferrer noopener\">\u0130lqar M\u0259mm\u0259dov<\/a><\/p>\n<\/div>\n\n\n\n<div class=\"wp-block-column is-layout-flow wp-block-column-is-layout-flow\">\n<p><strong>J<\/strong><\/p>\n<\/div>\n<\/div>\n\n\n\n<div class=\"wp-block-columns is-layout-flex wp-container-core-columns-is-layout-6 wp-block-columns-is-layout-flex\">\n<div class=\"wp-block-column is-layout-flow wp-block-column-is-layout-flow\">\n<p><strong>K<\/strong><\/p>\n\n\n\n<p><a href=\"https:\/\/jam-news.net\/az\/topic\/koronavirus\/\" target=\"_blank\" rel=\"noreferrer noopener\">Koronavirus <\/a><\/p>\n\n\n\n<p><\/p>\n<\/div>\n\n\n\n<div class=\"wp-block-column is-layout-flow wp-block-column-is-layout-flow\">\n<p><strong>Q<\/strong><\/p>\n\n\n\n<p><a href=\"https:\/\/jam-news.net\/az\/topic\/giorgi-qaxariya\/\">Giorgi Qaxariya<\/a><\/p>\n\n\n\n<p><a href=\"https:\/\/jam-news.net\/az\/topic\/qafqazda-lgbt\/\" target=\"_blank\" rel=\"noreferrer noopener\">Qafqazda LGBT <\/a><\/p>\n\n\n\n<p><a href=\"https:\/\/jam-news.net\/az\/topic\/qarabag-munaqis%c9%99si\/\" target=\"_blank\" rel=\"noreferrer noopener\">Qaraba\u011f m\u00fcnaqi\u015f\u0259si <\/a><\/p>\n<\/div>\n\n\n\n<div class=\"wp-block-column is-layout-flow wp-block-column-is-layout-flow\">\n<p><strong>L<\/strong><\/p>\n\n\n\n<p><a href=\"https:\/\/jam-news.net\/az\/topic\/aleksandr-lukasenko\/\" target=\"_blank\" rel=\"noreferrer noopener\">Aleksandr Luka\u015fenko<\/a><\/p>\n<\/div>\n<\/div>\n\n\n\n<div class=\"wp-block-columns is-layout-flex wp-container-core-columns-is-layout-7 wp-block-columns-is-layout-flex\">\n<div class=\"wp-block-column is-layout-flow wp-block-column-is-layout-flow\">\n<p><strong>M<\/strong><\/p>\n\n\n\n<p><a href=\"https:\/\/jam-news.net\/az\/topic\/at%c9%99t-in-minsk-qrupu\/\" target=\"_blank\" rel=\"noreferrer noopener\">AT\u018fT-in Minsk qrupu<\/a><\/p>\n\n\n\n<p><a href=\"https:\/\/jam-news.net\/az\/topic\/meydan-tv-isi\/\" target=\"_blank\" rel=\"noreferrer noopener\">Meydan TV i\u015fi<\/a><\/p>\n<\/div>\n\n\n\n<div class=\"wp-block-column is-layout-flow wp-block-column-is-layout-flow\">\n<p><strong>N<\/strong><\/p>\n\n\n\n<p><a href=\"https:\/\/jam-news.net\/az\/topic\/drug-policy-az\/\" target=\"_blank\" rel=\"noreferrer noopener\">Narkotik siyas\u0259ti<\/a><\/p>\n<\/div>\n\n\n\n<div class=\"wp-block-column is-layout-flow wp-block-column-is-layout-flow\">\n<p><strong>O<\/strong><\/p>\n<\/div>\n<\/div>\n\n\n\n<div class=\"wp-block-columns is-layout-flex wp-container-core-columns-is-layout-8 wp-block-columns-is-layout-flex\">\n<div class=\"wp-block-column is-layout-flow wp-block-column-is-layout-flow\">\n<p><strong>\u00d6<\/strong><\/p>\n<\/div>\n\n\n\n<div class=\"wp-block-column is-layout-flow wp-block-column-is-layout-flow\">\n<p><strong>P<\/strong><\/p>\n\n\n\n<p><a href=\"https:\/\/jam-news.net\/az\/topic\/nikol-pasinyan\/\" target=\"_blank\" rel=\"noreferrer noopener\">Nikol Pa\u015finyan<\/a><\/p>\n\n\n\n<p><\/p>\n<\/div>\n\n\n\n<div class=\"wp-block-column is-layout-flow wp-block-column-is-layout-flow\">\n<p><strong>R<\/strong><\/p>\n\n\n\n<p><a href=\"https:\/\/jam-news.net\/az\/topic\/ramzan-kadirov\/\" target=\"_blank\" rel=\"noreferrer noopener\">Ramzan Kad\u0131rov<\/a><\/p>\n<\/div>\n<\/div>\n\n\n\n<div class=\"wp-block-columns is-layout-flex wp-container-core-columns-is-layout-9 wp-block-columns-is-layout-flex\">\n<div class=\"wp-block-column is-layout-flow wp-block-column-is-layout-flow\">\n<p><strong>S<\/strong><\/p>\n\n\n\n<p><a href=\"https:\/\/jam-news.net\/az\/topic\/joseph-stalin\/\" target=\"_blank\" rel=\"noreferrer noopener\">\u0130osif Stalin<\/a><\/p>\n\n\n\n<p><a href=\"https:\/\/jam-news.net\/az\/topic\/mixail-saakasvili\/\" target=\"_blank\" rel=\"noreferrer noopener\">Mixail Saaka\u015fvili<\/a><\/p>\n\n\n\n<p><a href=\"https:\/\/jam-news.net\/az\/topic\/serj-sarqsyan\/\" target=\"_blank\" rel=\"noreferrer noopener\">Serj Sarqsyan <\/a><\/p>\n<\/div>\n\n\n\n<div class=\"wp-block-column is-layout-flow wp-block-column-is-layout-flow\">\n<p><strong>\u015e<\/strong><\/p>\n<\/div>\n\n\n\n<div class=\"wp-block-column is-layout-flow wp-block-column-is-layout-flow\">\n<p><strong>T<\/strong><\/p>\n\n\n\n<p><a href=\"https:\/\/jam-news.net\/az\/topic\/tbilisid%c9%99-etirazlar\/\" target=\"_blank\" rel=\"noreferrer noopener\">Tbilisid\u0259 etirazlar <\/a><\/p>\n\n\n\n<p><a href=\"https:\/\/jam-news.net\/az\/topic\/t%c9%99r%c9%99fdas-materiali\/\" target=\"_blank\" rel=\"noreferrer noopener\">T\u0259r\u0259fda\u015f material\u0131<\/a><\/p>\n<\/div>\n<\/div>\n\n\n\n<div class=\"wp-block-columns is-layout-flex wp-container-core-columns-is-layout-10 wp-block-columns-is-layout-flex\">\n<div class=\"wp-block-column is-layout-flow wp-block-column-is-layout-flow\">\n<p><strong>U<\/strong><\/p>\n\n\n\n<p><a href=\"https:\/\/jam-news.net\/az\/topic\/ukrayna\/\" target=\"_blank\" rel=\"noreferrer noopener\">Ukrayna<\/a><\/p>\n\n\n\n<p><a href=\"https:\/\/jam-news.net\/az\/topic\/ukraynada-munaqis%c9%99\/\" target=\"_blank\" rel=\"noreferrer noopener\">Ukraynada m\u00fcnaqi\u015f\u0259<\/a><\/p>\n<\/div>\n\n\n\n<div class=\"wp-block-column is-layout-flow wp-block-column-is-layout-flow\">\n<p><strong>\u00dc<\/strong><\/p>\n<\/div>\n\n\n\n<div class=\"wp-block-column is-layout-flow wp-block-column-is-layout-flow\">\n<p><strong>V<\/strong><\/p>\n\n\n\n<p><a href=\"https:\/\/jam-news.net\/az\/topic\/vladimir-putin\/\" target=\"_blank\" rel=\"noreferrer noopener\">Vladimir Putin<\/a><\/p>\n<\/div>\n<\/div>\n\n\n\n<div class=\"wp-block-columns is-layout-flex wp-container-core-columns-is-layout-11 wp-block-columns-is-layout-flex\">\n<div class=\"wp-block-column is-layout-flow wp-block-column-is-layout-flow\">\n<p><strong>Y<\/strong><\/p>\n<\/div>\n\n\n\n<div class=\"wp-block-column is-layout-flow wp-block-column-is-layout-flow\">\n<p><strong>Z<\/strong><\/p>\n<\/div>\n\n\n\n<div class=\"wp-block-column is-layout-flow wp-block-column-is-layout-flow\">\n<p><\/p>\n<\/div>\n<\/div>\n","protected":false},"excerpt":{"rendered":"<p>A Abzas Media i\u015fi Anaklia Aprel d\u00f6y\u00fc\u015fl\u0259ri Az\u0259rbaycan-Em\u0259nistan Az\u0259rbaycan-AB\u015e Az\u0259rbaycanda m\u00fcxalif\u0259t Az\u0259rbaycanda parlament se\u00e7kil\u0259ri &#8211; Se\u00e7ki 2020 Az\u0259rbaycan &#8211; A\u0130 B Belarusiyada etirazlar Bidzina \u0130vani\u015fvili C COP29 \u00c7 D Donald Tramp E Erm\u0259nistanda korrupsiya qalmaqallar\u0131 Erm\u0259nistanda n\u00f6vb\u0259d\u0259nk\u0259nar se\u00e7kil\u0259r-2021 \u018f R\u0259c\u0259b Tayyib \u018frdo\u011fan F G G\u00fcrc\u00fc-osetin m\u00fcnaqi\u015f\u0259 zonas\u0131nda &#8220;borderizasiya&#8221; G\u00fcrc\u00fc-abxaz m\u00fcnaqi\u015f\u0259si G\u00fcrc\u00fcstan-ossetiya m\u00fcnaqi\u015f\u0259si G\u00fcrc\u00fcstanda turizm \u011e &hellip; <a href=\"https:\/\/jam-news.net\/az\/tematik-s%c9%99hif%c9%99l%c9%99r\/\">Continued<\/a><\/p>\n","protected":false},"author":1,"featured_media":0,"parent":0,"menu_order":0,"comment_status":"closed","ping_status":"closed","template":"","meta":{"_acf_changed":false,"footnotes":""},"class_list":["post-28139","page","type-page","status-publish","hentry"],"acf":[],"yoast_head":"<!-- This site is optimized with the Yoast SEO plugin v24.1 - https:\/\/yoast.com\/wordpress\/plugins\/seo\/ -->\n<title>Tematik s\u0259hif\u0259l\u0259r - JAMnews<\/title>\n<meta name=\"robots\" content=\"index, follow, max-snippet:-1, max-image-preview:large, max-video-preview:-1\" \/>\n<link rel=\"canonical\" href=\"https:\/\/jam-news.net\/az\/tematik-s\u0259hif\u0259l\u0259r\/\" \/>\n<meta property=\"og:locale\" content=\"az_AZ\" \/>\n<meta property=\"og:type\" content=\"article\" \/>\n<meta property=\"og:title\" content=\"Tematik s\u0259hif\u0259l\u0259r - JAMnews\" \/>\n<meta property=\"og:description\" content=\"A Abzas Media i\u015fi Anaklia Aprel d\u00f6y\u00fc\u015fl\u0259ri Az\u0259rbaycan-Em\u0259nistan Az\u0259rbaycan-AB\u015e Az\u0259rbaycanda m\u00fcxalif\u0259t Az\u0259rbaycanda parlament se\u00e7kil\u0259ri &#8211; Se\u00e7ki 2020 Az\u0259rbaycan &#8211; A\u0130 B Belarusiyada etirazlar Bidzina \u0130vani\u015fvili C COP29 \u00c7 D Donald Tramp E Erm\u0259nistanda korrupsiya qalmaqallar\u0131 Erm\u0259nistanda n\u00f6vb\u0259d\u0259nk\u0259nar se\u00e7kil\u0259r-2021 \u018f R\u0259c\u0259b Tayyib \u018frdo\u011fan F G G\u00fcrc\u00fc-osetin m\u00fcnaqi\u015f\u0259 zonas\u0131nda &#8220;borderizasiya&#8221; G\u00fcrc\u00fc-abxaz m\u00fcnaqi\u015f\u0259si G\u00fcrc\u00fcstan-ossetiya m\u00fcnaqi\u015f\u0259si G\u00fcrc\u00fcstanda turizm \u011e &hellip; Continued\" \/>\n<meta property=\"og:url\" content=\"https:\/\/jam-news.net\/az\/tematik-s\u0259hif\u0259l\u0259r\/\" \/>\n<meta property=\"og:site_name\" content=\"Azerbaijani Jamnews\" \/>\n<meta property=\"article:publisher\" content=\"https:\/\/www.facebook.com\/JAMnewsInEnglish\/\" \/>\n<meta property=\"article:modified_time\" content=\"2026-03-19T11:17:54+00:00\" \/>\n<meta name=\"twitter:card\" content=\"summary_large_image\" \/>\n<meta name=\"twitter:site\" content=\"@JAMnewsCaucasus\" \/>\n<meta name=\"twitter:label1\" content=\"Est. reading time\" \/>\n\t<meta name=\"twitter:data1\" content=\"1 minute\" \/>\n<script type=\"application\/ld+json\" class=\"yoast-schema-graph\">{\"@context\":\"https:\/\/schema.org\",\"@graph\":[{\"@type\":\"WebPage\",\"@id\":\"https:\/\/jam-news.net\/az\/tematik-s%c9%99hif%c9%99l%c9%99r\/\",\"url\":\"https:\/\/jam-news.net\/az\/tematik-s%c9%99hif%c9%99l%c9%99r\/\",\"name\":\"Tematik s\u0259hif\u0259l\u0259r - JAMnews\",\"isPartOf\":{\"@id\":\"https:\/\/jam-news.net\/az\/#website\"},\"datePublished\":\"2020-05-19T19:07:16+00:00\",\"dateModified\":\"2026-03-19T11:17:54+00:00\",\"breadcrumb\":{\"@id\":\"https:\/\/jam-news.net\/az\/tematik-s%c9%99hif%c9%99l%c9%99r\/#breadcrumb\"},\"inLanguage\":\"az\",\"potentialAction\":[{\"@type\":\"ReadAction\",\"target\":[\"https:\/\/jam-news.net\/az\/tematik-s%c9%99hif%c9%99l%c9%99r\/\"]}]},{\"@type\":\"BreadcrumbList\",\"@id\":\"https:\/\/jam-news.net\/az\/tematik-s%c9%99hif%c9%99l%c9%99r\/#breadcrumb\",\"itemListElement\":[{\"@type\":\"ListItem\",\"position\":1,\"name\":\"Home\",\"item\":\"https:\/\/jam-news.net\/az\/\"},{\"@type\":\"ListItem\",\"position\":2,\"name\":\"Tematik s\u0259hif\u0259l\u0259r\"}]},{\"@type\":\"WebSite\",\"@id\":\"https:\/\/jam-news.net\/az\/#website\",\"url\":\"https:\/\/jam-news.net\/az\/\",\"name\":\"Azerbaijani Jamnews\",\"description\":\"Caucasus News, Politics and Society\",\"publisher\":{\"@id\":\"https:\/\/jam-news.net\/az\/#organization\"},\"potentialAction\":[{\"@type\":\"SearchAction\",\"target\":{\"@type\":\"EntryPoint\",\"urlTemplate\":\"https:\/\/jam-news.net\/az\/?s={search_term_string}\"},\"query-input\":{\"@type\":\"PropertyValueSpecification\",\"valueRequired\":true,\"valueName\":\"search_term_string\"}}],\"inLanguage\":\"az\"},{\"@type\":\"Organization\",\"@id\":\"https:\/\/jam-news.net\/az\/#organization\",\"name\":\"JAMnews\",\"url\":\"https:\/\/jam-news.net\/az\/\",\"logo\":{\"@type\":\"ImageObject\",\"inLanguage\":\"az\",\"@id\":\"https:\/\/jam-news.net\/az\/#\/schema\/logo\/image\/\",\"url\":\"https:\/\/jam-news.net\/app\/uploads\/2020\/05\/JAM_w.jpg\",\"contentUrl\":\"https:\/\/jam-news.net\/app\/uploads\/2020\/05\/JAM_w.jpg\",\"width\":960,\"height\":960,\"caption\":\"JAMnews\"},\"image\":{\"@id\":\"https:\/\/jam-news.net\/az\/#\/schema\/logo\/image\/\"},\"sameAs\":[\"https:\/\/www.facebook.com\/JAMnewsInEnglish\/\",\"https:\/\/x.com\/JAMnewsCaucasus\",\"https:\/\/www.instagram.com\/jam_news\/\",\"https:\/\/www.youtube.com\/channel\/UCXQbUCme2pykuZYXWHx4VPg\"]}]}<\/script>\n<!-- \/ Yoast SEO plugin. -->","yoast_head_json":{"title":"Tematik s\u0259hif\u0259l\u0259r - JAMnews","robots":{"index":"index","follow":"follow","max-snippet":"max-snippet:-1","max-image-preview":"max-image-preview:large","max-video-preview":"max-video-preview:-1"},"canonical":"https:\/\/jam-news.net\/az\/tematik-s\u0259hif\u0259l\u0259r\/","og_locale":"az_AZ","og_type":"article","og_title":"Tematik s\u0259hif\u0259l\u0259r - JAMnews","og_description":"A Abzas Media i\u015fi Anaklia Aprel d\u00f6y\u00fc\u015fl\u0259ri Az\u0259rbaycan-Em\u0259nistan Az\u0259rbaycan-AB\u015e Az\u0259rbaycanda m\u00fcxalif\u0259t Az\u0259rbaycanda parlament se\u00e7kil\u0259ri &#8211; Se\u00e7ki 2020 Az\u0259rbaycan &#8211; A\u0130 B Belarusiyada etirazlar Bidzina \u0130vani\u015fvili C COP29 \u00c7 D Donald Tramp E Erm\u0259nistanda korrupsiya qalmaqallar\u0131 Erm\u0259nistanda n\u00f6vb\u0259d\u0259nk\u0259nar se\u00e7kil\u0259r-2021 \u018f R\u0259c\u0259b Tayyib \u018frdo\u011fan F G G\u00fcrc\u00fc-osetin m\u00fcnaqi\u015f\u0259 zonas\u0131nda &#8220;borderizasiya&#8221; G\u00fcrc\u00fc-abxaz m\u00fcnaqi\u015f\u0259si G\u00fcrc\u00fcstan-ossetiya m\u00fcnaqi\u015f\u0259si G\u00fcrc\u00fcstanda turizm \u011e &hellip; Continued","og_url":"https:\/\/jam-news.net\/az\/tematik-s\u0259hif\u0259l\u0259r\/","og_site_name":"Azerbaijani Jamnews","article_publisher":"https:\/\/www.facebook.com\/JAMnewsInEnglish\/","article_modified_time":"2026-03-19T11:17:54+00:00","twitter_card":"summary_large_image","twitter_site":"@JAMnewsCaucasus","twitter_misc":{"Est. reading time":"1 minute"},"schema":{"@context":"https:\/\/schema.org","@graph":[{"@type":"WebPage","@id":"https:\/\/jam-news.net\/az\/tematik-s%c9%99hif%c9%99l%c9%99r\/","url":"https:\/\/jam-news.net\/az\/tematik-s%c9%99hif%c9%99l%c9%99r\/","name":"Tematik s\u0259hif\u0259l\u0259r - JAMnews","isPartOf":{"@id":"https:\/\/jam-news.net\/az\/#website"},"datePublished":"2020-05-19T19:07:16+00:00","dateModified":"2026-03-19T11:17:54+00:00","breadcrumb":{"@id":"https:\/\/jam-news.net\/az\/tematik-s%c9%99hif%c9%99l%c9%99r\/#breadcrumb"},"inLanguage":"az","potentialAction":[{"@type":"ReadAction","target":["https:\/\/jam-news.net\/az\/tematik-s%c9%99hif%c9%99l%c9%99r\/"]}]},{"@type":"BreadcrumbList","@id":"https:\/\/jam-news.net\/az\/tematik-s%c9%99hif%c9%99l%c9%99r\/#breadcrumb","itemListElement":[{"@type":"ListItem","position":1,"name":"Home","item":"https:\/\/jam-news.net\/az\/"},{"@type":"ListItem","position":2,"name":"Tematik s\u0259hif\u0259l\u0259r"}]},{"@type":"WebSite","@id":"https:\/\/jam-news.net\/az\/#website","url":"https:\/\/jam-news.net\/az\/","name":"Azerbaijani Jamnews","description":"Caucasus News, Politics and Society","publisher":{"@id":"https:\/\/jam-news.net\/az\/#organization"},"potentialAction":[{"@type":"SearchAction","target":{"@type":"EntryPoint","urlTemplate":"https:\/\/jam-news.net\/az\/?s={search_term_string}"},"query-input":{"@type":"PropertyValueSpecification","valueRequired":true,"valueName":"search_term_string"}}],"inLanguage":"az"},{"@type":"Organization","@id":"https:\/\/jam-news.net\/az\/#organization","name":"JAMnews","url":"https:\/\/jam-news.net\/az\/","logo":{"@type":"ImageObject","inLanguage":"az","@id":"https:\/\/jam-news.net\/az\/#\/schema\/logo\/image\/","url":"https:\/\/jam-news.net\/app\/uploads\/2020\/05\/JAM_w.jpg","contentUrl":"https:\/\/jam-news.net\/app\/uploads\/2020\/05\/JAM_w.jpg","width":960,"height":960,"caption":"JAMnews"},"image":{"@id":"https:\/\/jam-news.net\/az\/#\/schema\/logo\/image\/"},"sameAs":["https:\/\/www.facebook.com\/JAMnewsInEnglish\/","https:\/\/x.com\/JAMnewsCaucasus","https:\/\/www.instagram.com\/jam_news\/","https:\/\/www.youtube.com\/channel\/UCXQbUCme2pykuZYXWHx4VPg"]}]}},"_links":{"self":[{"href":"https:\/\/jam-news.net\/az\/wp-json\/wp\/v2\/pages\/28139","targetHints":{"allow":["GET"]}}],"collection":[{"href":"https:\/\/jam-news.net\/az\/wp-json\/wp\/v2\/pages"}],"about":[{"href":"https:\/\/jam-news.net\/az\/wp-json\/wp\/v2\/types\/page"}],"author":[{"embeddable":true,"href":"https:\/\/jam-news.net\/az\/wp-json\/wp\/v2\/users\/1"}],"replies":[{"embeddable":true,"href":"https:\/\/jam-news.net\/az\/wp-json\/wp\/v2\/comments?post=28139"}],"version-history":[{"count":8,"href":"https:\/\/jam-news.net\/az\/wp-json\/wp\/v2\/pages\/28139\/revisions"}],"predecessor-version":[{"id":104061,"href":"https:\/\/jam-news.net\/az\/wp-json\/wp\/v2\/pages\/28139\/revisions\/104061"}],"wp:attachment":[{"href":"https:\/\/jam-news.net\/az\/wp-json\/wp\/v2\/media?parent=28139"}],"curies":[{"name":"wp","href":"https:\/\/api.w.org\/{rel}","templated":true}]}}