{"id":17987,"date":"2020-03-17T10:08:11","date_gmt":"2020-03-17T10:08:11","guid":{"rendered":"http:\/\/jam-news.net\/az\/?page_id=17987"},"modified":"2020-04-15T13:32:21","modified_gmt":"2020-04-15T09:32:21","slug":"m%c9%99xfilik-siyas%c9%99ti","status":"publish","type":"page","link":"https:\/\/jam-news.net\/az\/m%c9%99xfilik-siyas%c9%99ti\/","title":{"rendered":"M\u0259xfilik siyas\u0259ti"},"content":{"rendered":"\n<p>JAMnews oxucular\u0131n\u0131n \u015f\u0259xsi m\u0259lumatlar\u0131n\u0131 m\u0259xfi saxlay\u0131r, onlar toplan\u0131r, i\u015fl\u0259nilir v\u0259 JAMnews-un veb-s\u0259hif\u0259sind\u0259 oxucular n\u0259\u015frin veb-s\u0259hif\u0259sin\u0259 daxil oldu\u011fu vaxt istifad\u0259 olunur.<\/p>\n\n\n\n<p>M\u0259xfilik siyas\u0259ti h\u0259m d\u0259 JAMnews istifad\u0259\u00e7il\u0259ri il\u0259 ba\u011fl\u0131 nec\u0259 v\u0259 hans\u0131 n\u00f6v informasiyan\u0131n toplanmas\u0131 haqq\u0131nda m\u0259lumatlara, h\u0259m d\u0259 o m\u0259qs\u0259dl\u0259r\u0259 aiddir ki, JAMnews onlara nail olmaq \u00fc\u00e7\u00fcn h\u0259min m\u0259lumatlar\u0131 toplaya, \u00f6t\u00fcr\u0259 v\u0259 ya ba\u015fqa yolla a\u00e7\u0131q ed\u0259 bil\u0259r.<\/p>\n\n\n\n<p><strong>Biz hans\u0131 m\u0259lumatlar\u0131 toplay\u0131r\u0131q?<\/strong><\/p>\n\n\n\n<p>JAMnews-un m\u0259xfilik siyas\u0259ti \u00e7\u0259r\u00e7iv\u0259sind\u0259 biz jam-news.net-d\u0259 oxucular\u0131m\u0131z\u0131n bizim veb-s\u0259hif\u0259d\u0259 oldu\u011fu vaxt fiks\u0259 edil\u0259n ist\u0259nil\u0259n informasiyan\u0131 v\u0259 \u015f\u0259xsi m\u0259lumatlar\u0131 toplay\u0131r\u0131q. Siz jam-news.net-\u0259 daxil olanda serverimiz avtomatik olaraq giri\u015finizin detallar\u0131n\u0131 qeyd edir (misal \u00fc\u00e7\u00fcn, sayt\u0131m\u0131za daxil oldu\u011funuz IP \u00fcnvan\u0131, bu zaman istifad\u0259 olunan internet brauzer n\u00f6v\u00fcn\u00fc, daxil oldu\u011funuz JAMnews.net portal\u0131n\u0131n konkret s\u0259hif\u0259l\u0259rini, h\u0259m d\u0259 sizin veb-s\u0259hif\u0259miz\u0259 daxil oldu\u011funuz vaxt\u0131 v\u0259 m\u00fcdd\u0259ti).<\/p>\n\n\n\n<p>\u018flav\u0259 olaraq biz sizin x\u0259b\u0259rl\u0259r\u0259 yaz\u0131lmaq \u00fc\u00e7\u00fcn JAMnews-un abun\u0259 servisind\u0259n istifad\u0259 ed\u0259rk\u0259n, t\u0259qdim etdiyiniz \u015f\u0259xsi m\u0259lumatlar\u0131 toplay\u0131r\u0131q. Misal \u00fc\u00e7\u00fcn, siz \u015f\u0259xsi m\u0259lumatlar\u0131n\u0131z\u0131 daxil ed\u0259nd\u0259 (ad, cins, elektron \u00fcnvan, telefon v\u0259 faks n\u00f6mr\u0259si).<\/p>\n\n\n\n<p><strong>\u015e\u0259xsi m\u0259lumatlar\u0131n\u0131zdan hans\u0131 m\u0259qs\u0259dl\u0259 istifad\u0259 edirik?<\/strong><\/p>\n\n\n\n<p>Biz sizin \u015f\u0259xsi m\u0259lumatlar\u0131n\u0131z\u0131 JAMnews servisl\u0259rinin t\u0259dqiqat\u0131 v\u0259 inki\u015faf\u0131, istifad\u0259\u00e7il\u0259rimizin idar\u0259 olunmas\u0131 v\u0259 marketinq m\u0259qs\u0259dl\u0259ri, siz\u0259 xidm\u0259tl\u0259rimiz haqq\u0131nda informasiyan\u0131n verilm\u0259si \u00fc\u00e7\u00fcn istifad\u0259 edirik v\u0259 i\u015fl\u0259yirik.<\/p>\n\n\n\n<p><strong>\u00d6z \u015f\u0259xsi m\u0259lumatlar\u0131n\u0131za giri\u015fi nec\u0259 \u0259ld\u0259 ed\u0259 bil\u0259rsiz?<\/strong><\/p>\n\n\n\n<p>\u015e\u0259xsi m\u0259lumatlar\u0131n\u0131z\u0131 saxlay\u0131b-saxlamad\u0131\u011f\u0131m\u0131z\u0131 yoxlaya, bizd\u0259 saxlan\u0131lan \u015f\u0259xsi m\u0259lumatlar\u0131n\u0131z\u0131n sur\u0259tini bizd\u0259n t\u0259l\u0259b ed\u0259, h\u0259m d\u0259 bizd\u0259 saxlan\u0131lan \u015f\u0259xsi m\u0259lumatlar\u0131n\u0131zdak\u0131 h\u0259r hans\u0131 s\u0259hv m\u0259lumatlar\u0131 aradan qald\u0131rma\u011f\u0131 t\u0259l\u0259b ed\u0259 bil\u0259rsiz.<\/p>\n","protected":false},"excerpt":{"rendered":"<p>JAMnews oxucular\u0131n\u0131n \u015f\u0259xsi m\u0259lumatlar\u0131n\u0131 m\u0259xfi saxlay\u0131r, onlar toplan\u0131r, i\u015fl\u0259nilir v\u0259 JAMnews-un veb-s\u0259hif\u0259sind\u0259 oxucular n\u0259\u015frin veb-s\u0259hif\u0259sin\u0259 daxil oldu\u011fu vaxt istifad\u0259 olunur. M\u0259xfilik siyas\u0259ti h\u0259m d\u0259 JAMnews istifad\u0259\u00e7il\u0259ri il\u0259 ba\u011fl\u0131 nec\u0259 v\u0259 hans\u0131 n\u00f6v informasiyan\u0131n toplanmas\u0131 haqq\u0131nda m\u0259lumatlara, h\u0259m d\u0259 o m\u0259qs\u0259dl\u0259r\u0259 aiddir ki, JAMnews onlara nail olmaq \u00fc\u00e7\u00fcn h\u0259min m\u0259lumatlar\u0131 toplaya, \u00f6t\u00fcr\u0259 v\u0259 ya ba\u015fqa yolla &hellip; <a href=\"https:\/\/jam-news.net\/az\/m%c9%99xfilik-siyas%c9%99ti\/\">Continued<\/a><\/p>\n","protected":false},"author":1,"featured_media":0,"parent":0,"menu_order":0,"comment_status":"closed","ping_status":"closed","template":"","meta":{"_acf_changed":false,"footnotes":""},"class_list":["post-17987","page","type-page","status-publish","hentry"],"acf":[],"yoast_head":"<!-- This site is optimized with the Yoast SEO plugin v24.1 - https:\/\/yoast.com\/wordpress\/plugins\/seo\/ -->\n<title>M\u0259xfilik siyas\u0259ti - JAMnews<\/title>\n<meta name=\"robots\" content=\"index, follow, max-snippet:-1, max-image-preview:large, max-video-preview:-1\" \/>\n<link rel=\"canonical\" href=\"https:\/\/jam-news.net\/az\/m\u0259xfilik-siyas\u0259ti\/\" \/>\n<meta property=\"og:locale\" content=\"az_AZ\" \/>\n<meta property=\"og:type\" content=\"article\" \/>\n<meta property=\"og:title\" content=\"M\u0259xfilik siyas\u0259ti - JAMnews\" \/>\n<meta property=\"og:description\" content=\"JAMnews oxucular\u0131n\u0131n \u015f\u0259xsi m\u0259lumatlar\u0131n\u0131 m\u0259xfi saxlay\u0131r, onlar toplan\u0131r, i\u015fl\u0259nilir v\u0259 JAMnews-un veb-s\u0259hif\u0259sind\u0259 oxucular n\u0259\u015frin veb-s\u0259hif\u0259sin\u0259 daxil oldu\u011fu vaxt istifad\u0259 olunur. M\u0259xfilik siyas\u0259ti h\u0259m d\u0259 JAMnews istifad\u0259\u00e7il\u0259ri il\u0259 ba\u011fl\u0131 nec\u0259 v\u0259 hans\u0131 n\u00f6v informasiyan\u0131n toplanmas\u0131 haqq\u0131nda m\u0259lumatlara, h\u0259m d\u0259 o m\u0259qs\u0259dl\u0259r\u0259 aiddir ki, JAMnews onlara nail olmaq \u00fc\u00e7\u00fcn h\u0259min m\u0259lumatlar\u0131 toplaya, \u00f6t\u00fcr\u0259 v\u0259 ya ba\u015fqa yolla &hellip; Continued\" \/>\n<meta property=\"og:url\" content=\"https:\/\/jam-news.net\/az\/m\u0259xfilik-siyas\u0259ti\/\" \/>\n<meta property=\"og:site_name\" content=\"Azerbaijani Jamnews\" \/>\n<meta property=\"article:publisher\" content=\"https:\/\/www.facebook.com\/JAMnewsInEnglish\/\" \/>\n<meta property=\"article:modified_time\" content=\"2020-04-15T09:32:21+00:00\" \/>\n<meta name=\"twitter:card\" content=\"summary_large_image\" \/>\n<meta name=\"twitter:site\" content=\"@JAMnewsCaucasus\" \/>\n<meta name=\"twitter:label1\" content=\"Est. reading time\" \/>\n\t<meta name=\"twitter:data1\" content=\"2 minutes\" \/>\n<script type=\"application\/ld+json\" class=\"yoast-schema-graph\">{\"@context\":\"https:\/\/schema.org\",\"@graph\":[{\"@type\":\"WebPage\",\"@id\":\"https:\/\/jam-news.net\/az\/m%c9%99xfilik-siyas%c9%99ti\/\",\"url\":\"https:\/\/jam-news.net\/az\/m%c9%99xfilik-siyas%c9%99ti\/\",\"name\":\"M\u0259xfilik siyas\u0259ti - JAMnews\",\"isPartOf\":{\"@id\":\"https:\/\/jam-news.net\/az\/#website\"},\"datePublished\":\"2020-03-17T10:08:11+00:00\",\"dateModified\":\"2020-04-15T09:32:21+00:00\",\"breadcrumb\":{\"@id\":\"https:\/\/jam-news.net\/az\/m%c9%99xfilik-siyas%c9%99ti\/#breadcrumb\"},\"inLanguage\":\"az\",\"potentialAction\":[{\"@type\":\"ReadAction\",\"target\":[\"https:\/\/jam-news.net\/az\/m%c9%99xfilik-siyas%c9%99ti\/\"]}]},{\"@type\":\"BreadcrumbList\",\"@id\":\"https:\/\/jam-news.net\/az\/m%c9%99xfilik-siyas%c9%99ti\/#breadcrumb\",\"itemListElement\":[{\"@type\":\"ListItem\",\"position\":1,\"name\":\"Home\",\"item\":\"https:\/\/jam-news.net\/az\/\"},{\"@type\":\"ListItem\",\"position\":2,\"name\":\"M\u0259xfilik siyas\u0259ti\"}]},{\"@type\":\"WebSite\",\"@id\":\"https:\/\/jam-news.net\/az\/#website\",\"url\":\"https:\/\/jam-news.net\/az\/\",\"name\":\"Azerbaijani Jamnews\",\"description\":\"Caucasus News, Politics and Society\",\"publisher\":{\"@id\":\"https:\/\/jam-news.net\/az\/#organization\"},\"potentialAction\":[{\"@type\":\"SearchAction\",\"target\":{\"@type\":\"EntryPoint\",\"urlTemplate\":\"https:\/\/jam-news.net\/az\/?s={search_term_string}\"},\"query-input\":{\"@type\":\"PropertyValueSpecification\",\"valueRequired\":true,\"valueName\":\"search_term_string\"}}],\"inLanguage\":\"az\"},{\"@type\":\"Organization\",\"@id\":\"https:\/\/jam-news.net\/az\/#organization\",\"name\":\"JAMnews\",\"url\":\"https:\/\/jam-news.net\/az\/\",\"logo\":{\"@type\":\"ImageObject\",\"inLanguage\":\"az\",\"@id\":\"https:\/\/jam-news.net\/az\/#\/schema\/logo\/image\/\",\"url\":\"https:\/\/jam-news.net\/app\/uploads\/2020\/05\/JAM_w.jpg\",\"contentUrl\":\"https:\/\/jam-news.net\/app\/uploads\/2020\/05\/JAM_w.jpg\",\"width\":960,\"height\":960,\"caption\":\"JAMnews\"},\"image\":{\"@id\":\"https:\/\/jam-news.net\/az\/#\/schema\/logo\/image\/\"},\"sameAs\":[\"https:\/\/www.facebook.com\/JAMnewsInEnglish\/\",\"https:\/\/x.com\/JAMnewsCaucasus\",\"https:\/\/www.instagram.com\/jam_news\/\",\"https:\/\/www.youtube.com\/channel\/UCXQbUCme2pykuZYXWHx4VPg\"]}]}<\/script>\n<!-- \/ Yoast SEO plugin. -->","yoast_head_json":{"title":"M\u0259xfilik siyas\u0259ti - JAMnews","robots":{"index":"index","follow":"follow","max-snippet":"max-snippet:-1","max-image-preview":"max-image-preview:large","max-video-preview":"max-video-preview:-1"},"canonical":"https:\/\/jam-news.net\/az\/m\u0259xfilik-siyas\u0259ti\/","og_locale":"az_AZ","og_type":"article","og_title":"M\u0259xfilik siyas\u0259ti - JAMnews","og_description":"JAMnews oxucular\u0131n\u0131n \u015f\u0259xsi m\u0259lumatlar\u0131n\u0131 m\u0259xfi saxlay\u0131r, onlar toplan\u0131r, i\u015fl\u0259nilir v\u0259 JAMnews-un veb-s\u0259hif\u0259sind\u0259 oxucular n\u0259\u015frin veb-s\u0259hif\u0259sin\u0259 daxil oldu\u011fu vaxt istifad\u0259 olunur. M\u0259xfilik siyas\u0259ti h\u0259m d\u0259 JAMnews istifad\u0259\u00e7il\u0259ri il\u0259 ba\u011fl\u0131 nec\u0259 v\u0259 hans\u0131 n\u00f6v informasiyan\u0131n toplanmas\u0131 haqq\u0131nda m\u0259lumatlara, h\u0259m d\u0259 o m\u0259qs\u0259dl\u0259r\u0259 aiddir ki, JAMnews onlara nail olmaq \u00fc\u00e7\u00fcn h\u0259min m\u0259lumatlar\u0131 toplaya, \u00f6t\u00fcr\u0259 v\u0259 ya ba\u015fqa yolla &hellip; Continued","og_url":"https:\/\/jam-news.net\/az\/m\u0259xfilik-siyas\u0259ti\/","og_site_name":"Azerbaijani Jamnews","article_publisher":"https:\/\/www.facebook.com\/JAMnewsInEnglish\/","article_modified_time":"2020-04-15T09:32:21+00:00","twitter_card":"summary_large_image","twitter_site":"@JAMnewsCaucasus","twitter_misc":{"Est. reading time":"2 minutes"},"schema":{"@context":"https:\/\/schema.org","@graph":[{"@type":"WebPage","@id":"https:\/\/jam-news.net\/az\/m%c9%99xfilik-siyas%c9%99ti\/","url":"https:\/\/jam-news.net\/az\/m%c9%99xfilik-siyas%c9%99ti\/","name":"M\u0259xfilik siyas\u0259ti - JAMnews","isPartOf":{"@id":"https:\/\/jam-news.net\/az\/#website"},"datePublished":"2020-03-17T10:08:11+00:00","dateModified":"2020-04-15T09:32:21+00:00","breadcrumb":{"@id":"https:\/\/jam-news.net\/az\/m%c9%99xfilik-siyas%c9%99ti\/#breadcrumb"},"inLanguage":"az","potentialAction":[{"@type":"ReadAction","target":["https:\/\/jam-news.net\/az\/m%c9%99xfilik-siyas%c9%99ti\/"]}]},{"@type":"BreadcrumbList","@id":"https:\/\/jam-news.net\/az\/m%c9%99xfilik-siyas%c9%99ti\/#breadcrumb","itemListElement":[{"@type":"ListItem","position":1,"name":"Home","item":"https:\/\/jam-news.net\/az\/"},{"@type":"ListItem","position":2,"name":"M\u0259xfilik siyas\u0259ti"}]},{"@type":"WebSite","@id":"https:\/\/jam-news.net\/az\/#website","url":"https:\/\/jam-news.net\/az\/","name":"Azerbaijani Jamnews","description":"Caucasus News, Politics and Society","publisher":{"@id":"https:\/\/jam-news.net\/az\/#organization"},"potentialAction":[{"@type":"SearchAction","target":{"@type":"EntryPoint","urlTemplate":"https:\/\/jam-news.net\/az\/?s={search_term_string}"},"query-input":{"@type":"PropertyValueSpecification","valueRequired":true,"valueName":"search_term_string"}}],"inLanguage":"az"},{"@type":"Organization","@id":"https:\/\/jam-news.net\/az\/#organization","name":"JAMnews","url":"https:\/\/jam-news.net\/az\/","logo":{"@type":"ImageObject","inLanguage":"az","@id":"https:\/\/jam-news.net\/az\/#\/schema\/logo\/image\/","url":"https:\/\/jam-news.net\/app\/uploads\/2020\/05\/JAM_w.jpg","contentUrl":"https:\/\/jam-news.net\/app\/uploads\/2020\/05\/JAM_w.jpg","width":960,"height":960,"caption":"JAMnews"},"image":{"@id":"https:\/\/jam-news.net\/az\/#\/schema\/logo\/image\/"},"sameAs":["https:\/\/www.facebook.com\/JAMnewsInEnglish\/","https:\/\/x.com\/JAMnewsCaucasus","https:\/\/www.instagram.com\/jam_news\/","https:\/\/www.youtube.com\/channel\/UCXQbUCme2pykuZYXWHx4VPg"]}]}},"_links":{"self":[{"href":"https:\/\/jam-news.net\/az\/wp-json\/wp\/v2\/pages\/17987","targetHints":{"allow":["GET"]}}],"collection":[{"href":"https:\/\/jam-news.net\/az\/wp-json\/wp\/v2\/pages"}],"about":[{"href":"https:\/\/jam-news.net\/az\/wp-json\/wp\/v2\/types\/page"}],"author":[{"embeddable":true,"href":"https:\/\/jam-news.net\/az\/wp-json\/wp\/v2\/users\/1"}],"replies":[{"embeddable":true,"href":"https:\/\/jam-news.net\/az\/wp-json\/wp\/v2\/comments?post=17987"}],"version-history":[{"count":3,"href":"https:\/\/jam-news.net\/az\/wp-json\/wp\/v2\/pages\/17987\/revisions"}],"predecessor-version":[{"id":25575,"href":"https:\/\/jam-news.net\/az\/wp-json\/wp\/v2\/pages\/17987\/revisions\/25575"}],"wp:attachment":[{"href":"https:\/\/jam-news.net\/az\/wp-json\/wp\/v2\/media?parent=17987"}],"curies":[{"name":"wp","href":"https:\/\/api.w.org\/{rel}","templated":true}]}}